{"id":142,"date":"2023-05-23T12:04:44","date_gmt":"2023-05-23T12:04:44","guid":{"rendered":"https:\/\/guidetours.gr\/?page_id=142"},"modified":"2024-02-16T11:13:04","modified_gmt":"2024-02-16T09:13:04","slug":"about-us","status":"publish","type":"page","link":"https:\/\/guidetours.gr\/de\/about-us\/","title":{"rendered":"\u00dcber uns"},"content":{"rendered":"<div data-elementor-type=\"wp-page\" data-elementor-id=\"142\" class=\"elementor elementor-142\" data-elementor-post-type=\"page\">\n\t\t\t\t\t\t<section class=\"elementor-section elementor-top-section elementor-element elementor-element-e4828cd elementor-section-height-min-height elementor-section-boxed elementor-section-height-default elementor-section-items-middle\" data-id=\"e4828cd\" data-element_type=\"section\" data-settings=\"{&quot;background_background&quot;:&quot;classic&quot;,&quot;jet_parallax_layout_list&quot;:[]}\">\n\t\t\t\t\t\t\t<div class=\"elementor-background-overlay\"><\/div>\n\t\t\t\t\t\t\t<div class=\"elementor-container elementor-column-gap-default\">\n\t\t\t\t\t<div class=\"elementor-column elementor-col-100 elementor-top-column elementor-element elementor-element-3ea3c5e elementor-hidden-desktop elementor-hidden-tablet\" data-id=\"3ea3c5e\" data-element_type=\"column\">\n\t\t\t<div class=\"elementor-widget-wrap elementor-element-populated\">\n\t\t\t\t\t\t<div class=\"elementor-element elementor-element-61b8586 elementor-widget elementor-widget-heading\" data-id=\"61b8586\" data-element_type=\"widget\" data-widget_type=\"heading.default\">\n\t\t\t\t\t<h4 class=\"elementor-heading-title elementor-size-default\">\u00dcber uns<\/h4>\t\t\t\t<\/div>\n\t\t\t\t<div class=\"elementor-element elementor-element-ee8654a elementor-align-left elementor-mobile-align-center elementor-widget elementor-widget-button\" data-id=\"ee8654a\" data-element_type=\"widget\" data-widget_type=\"button.default\">\n\t\t\t\t\t\t\t\t\t\t<a class=\"elementor-button elementor-button-link elementor-size-xs\" href=\"https:\/\/guidetours.gr\/de\/tours\/\">\n\t\t\t\t\t\t<span class=\"elementor-button-content-wrapper\">\n\t\t\t\t\t\t\t\t\t<span class=\"elementor-button-text\">Jetzt buchen<\/span>\n\t\t\t\t\t<\/span>\n\t\t\t\t\t<\/a>\n\t\t\t\t\t\t\t\t<\/div>\n\t\t\t\t\t<\/div>\n\t\t<\/div>\n\t\t\t\t\t<\/div>\n\t\t<\/section>\n\t\t\t\t<section class=\"elementor-section elementor-top-section elementor-element elementor-element-288ef38 elementor-section-boxed elementor-section-height-default elementor-section-height-default\" data-id=\"288ef38\" data-element_type=\"section\" data-settings=\"{&quot;jet_parallax_layout_list&quot;:[]}\">\n\t\t\t\t\t\t<div class=\"elementor-container elementor-column-gap-default\">\n\t\t\t\t\t<div class=\"elementor-column elementor-col-100 elementor-top-column elementor-element elementor-element-1a2fd0b\" data-id=\"1a2fd0b\" data-element_type=\"column\">\n\t\t\t<div class=\"elementor-widget-wrap elementor-element-populated\">\n\t\t\t\t\t\t<div class=\"elementor-element elementor-element-6effcab elementor-widget__width-auto elementor-widget-divider--view-line elementor-widget elementor-widget-divider\" data-id=\"6effcab\" data-element_type=\"widget\" data-widget_type=\"divider.default\">\n\t\t\t\t\t\t\t<div class=\"elementor-divider\">\n\t\t\t<span class=\"elementor-divider-separator\">\n\t\t\t\t\t\t<\/span>\n\t\t<\/div>\n\t\t\t\t\t\t<\/div>\n\t\t\t\t<div class=\"elementor-element elementor-element-296f28b elementor-widget__width-auto elementor-widget elementor-widget-heading\" data-id=\"296f28b\" data-element_type=\"widget\" data-widget_type=\"heading.default\">\n\t\t\t\t\t<h1 class=\"elementor-heading-title elementor-size-default\">\u00dcber uns<\/h1>\t\t\t\t<\/div>\n\t\t\t\t<div class=\"elementor-element elementor-element-1c482cb elementor-widget elementor-widget-heading\" data-id=\"1c482cb\" data-element_type=\"widget\" data-widget_type=\"heading.default\">\n\t\t\t\t\t<h5 class=\"elementor-heading-title elementor-size-default\">Wir sind immer bereit, Sie \u00fcberall dorthin zu bringen, wo Sie es w\u00fcnschen. Spezielle Touren f\u00fcr Kreuzfahrtreisende.<\/h5>\t\t\t\t<\/div>\n\t\t\t\t<div class=\"elementor-element elementor-element-2832f31 elementor-widget elementor-widget-heading\" data-id=\"2832f31\" data-element_type=\"widget\" data-widget_type=\"heading.default\">\n\t\t\t\t\t<h5 class=\"elementor-heading-title elementor-size-default\">\"Mit unseren zuverl\u00e4ssigen Santorini-Transfers kommen Sie immer p\u00fcnktlich an.\"<\/h5>\t\t\t\t<\/div>\n\t\t\t\t\t<\/div>\n\t\t<\/div>\n\t\t\t\t\t<\/div>\n\t\t<\/section>\n\t\t\t\t<section class=\"elementor-section elementor-top-section elementor-element elementor-element-07adde9 elementor-section-boxed elementor-section-height-default elementor-section-height-default\" data-id=\"07adde9\" data-element_type=\"section\" data-settings=\"{&quot;jet_parallax_layout_list&quot;:[]}\">\n\t\t\t\t\t\t<div class=\"elementor-container elementor-column-gap-default\">\n\t\t\t\t\t<div class=\"elementor-column elementor-col-50 elementor-top-column elementor-element elementor-element-5e24370\" data-id=\"5e24370\" data-element_type=\"column\">\n\t\t\t<div class=\"elementor-widget-wrap elementor-element-populated\">\n\t\t\t\t\t\t<div class=\"elementor-element elementor-element-eb4f076 elementor-widget elementor-widget-image\" data-id=\"eb4f076\" data-element_type=\"widget\" data-widget_type=\"image.default\">\n\t\t\t\t\t\t\t\t\t\t\t\t\t\t\t<img fetchpriority=\"high\" decoding=\"async\" width=\"604\" height=\"340\" src=\"https:\/\/guidetours.gr\/wp-content\/uploads\/DSC01821@2x.jpg\" class=\"attachment-large size-large wp-image-460\" alt=\"\" srcset=\"https:\/\/guidetours.gr\/wp-content\/uploads\/DSC01821@2x.jpg 604w, https:\/\/guidetours.gr\/wp-content\/uploads\/DSC01821@2x-600x338.jpg 600w, https:\/\/guidetours.gr\/wp-content\/uploads\/DSC01821@2x-300x169.jpg 300w\" sizes=\"(max-width: 604px) 100vw, 604px\" \/>\t\t\t\t\t\t\t\t\t\t\t\t\t\t\t<\/div>\n\t\t\t\t\t<\/div>\n\t\t<\/div>\n\t\t\t\t<div class=\"elementor-column elementor-col-50 elementor-top-column elementor-element elementor-element-de9106d\" data-id=\"de9106d\" data-element_type=\"column\">\n\t\t\t<div class=\"elementor-widget-wrap elementor-element-populated\">\n\t\t\t\t\t\t<div class=\"elementor-element elementor-element-a766858 elementor-widget elementor-widget-heading\" data-id=\"a766858\" data-element_type=\"widget\" data-widget_type=\"heading.default\">\n\t\t\t\t\t<h6 class=\"elementor-heading-title elementor-size-default\">Willkommen auf unserer Website f\u00fcr Transfers auf der atemberaubenden Insel Santorin! <br><br>Wir wissen, dass es stressig sein kann, sich an einem neuen Ort zurechtzufinden. Deshalb sind wir hier, um Ihren Transportbedarf so reibungslos und einfach wie m\u00f6glich zu gestalten. Ganz gleich, ob Sie am Flughafen oder am F\u00e4hrhafen ankommen, unser zuverl\u00e4ssiger und komfortabler Transferservice sorgt daf\u00fcr, dass Sie Ihr Ziel sicher und p\u00fcnktlich erreichen. <br><br>Wir bieten eine Vielzahl von Optionen an, um Ihren Bed\u00fcrfnissen gerecht zu werden, von privaten Transfers bis hin zu gemeinsamen Shuttles, und unsere freundlichen und sachkundigen Fahrer werden Ihnen gerne alle Fragen \u00fcber die Insel beantworten, die Sie haben k\u00f6nnten. Lehnen Sie sich zur\u00fcck, entspannen Sie sich, und \u00fcberlassen Sie uns den Rest!<\/h6>\t\t\t\t<\/div>\n\t\t\t\t\t<\/div>\n\t\t<\/div>\n\t\t\t\t\t<\/div>\n\t\t<\/section>\n\t\t\t\t<section class=\"elementor-section elementor-top-section elementor-element elementor-element-fb1662c elementor-section-boxed elementor-section-height-default elementor-section-height-default\" data-id=\"fb1662c\" data-element_type=\"section\" data-settings=\"{&quot;jet_parallax_layout_list&quot;:[]}\">\n\t\t\t\t\t\t<div class=\"elementor-container elementor-column-gap-default\">\n\t\t\t\t\t<div class=\"elementor-column elementor-col-100 elementor-top-column elementor-element elementor-element-eba1691\" data-id=\"eba1691\" data-element_type=\"column\">\n\t\t\t<div class=\"elementor-widget-wrap elementor-element-populated\">\n\t\t\t\t\t\t<div class=\"elementor-element elementor-element-6c7729c elementor-widget elementor-widget-spacer\" data-id=\"6c7729c\" data-element_type=\"widget\" data-widget_type=\"spacer.default\">\n\t\t\t\t\t\t\t<div class=\"elementor-spacer\">\n\t\t\t<div class=\"elementor-spacer-inner\"><\/div>\n\t\t<\/div>\n\t\t\t\t\t\t<\/div>\n\t\t\t\t\t<\/div>\n\t\t<\/div>\n\t\t\t\t\t<\/div>\n\t\t<\/section>\n\t\t\t\t<section class=\"elementor-section elementor-top-section elementor-element elementor-element-f44a4cb elementor-reverse-mobile elementor-section-boxed elementor-section-height-default elementor-section-height-default\" data-id=\"f44a4cb\" data-element_type=\"section\" data-settings=\"{&quot;jet_parallax_layout_list&quot;:[]}\">\n\t\t\t\t\t\t<div class=\"elementor-container elementor-column-gap-default\">\n\t\t\t\t\t<div class=\"elementor-column elementor-col-50 elementor-top-column elementor-element elementor-element-45ae457\" data-id=\"45ae457\" data-element_type=\"column\">\n\t\t\t<div class=\"elementor-widget-wrap elementor-element-populated\">\n\t\t\t\t\t\t<div class=\"elementor-element elementor-element-9ff36c1 elementor-widget elementor-widget-heading\" data-id=\"9ff36c1\" data-element_type=\"widget\" data-widget_type=\"heading.default\">\n\t\t\t\t\t<h6 class=\"elementor-heading-title elementor-size-default\">Wir von unserem Transferunternehmen in Santorin sind immer f\u00fcr Sie da, um Sie dorthin zu bringen, wo Sie hinwollen. Egal, ob Sie einen Transport vom und zum Flughafen oder Hafen ben\u00f6tigen oder die vielen Attraktionen der Insel erkunden m\u00f6chten, unser zuverl\u00e4ssiger und komfortabler Transferservice ist f\u00fcr Sie da.<br><br>Wir wissen, dass Zeit kostbar ist, vor allem f\u00fcr Kreuzfahrtreisende. Deshalb bieten wir spezielle Touren an, die Ihnen helfen sollen, das Beste aus Ihrer Zeit auf der Insel zu machen. <br><br>Unsere erfahrenen Fahrer bringen Sie zu allen Sehensw\u00fcrdigkeiten, darunter historische Wahrzeichen, malerische D\u00f6rfer und atemberaubende Str\u00e4nde, so dass Sie w\u00e4hrend Ihres Aufenthalts unvergessliche Erinnerungen schaffen k\u00f6nnen. <br><br>Ganz gleich, ob Sie einen schnellen Transfer zu Ihrem Hotel suchen oder die versteckten Juwelen der Insel erkunden m\u00f6chten, unser Team ist immer bereit, Ihnen einen au\u00dfergew\u00f6hnlichen Transportservice zu bieten. <\/h6>\t\t\t\t<\/div>\n\t\t\t\t\t<\/div>\n\t\t<\/div>\n\t\t\t\t<div class=\"elementor-column elementor-col-50 elementor-top-column elementor-element elementor-element-413f195\" data-id=\"413f195\" data-element_type=\"column\">\n\t\t\t<div class=\"elementor-widget-wrap elementor-element-populated\">\n\t\t\t\t\t\t<div class=\"elementor-element elementor-element-4775c27 elementor-widget elementor-widget-image\" data-id=\"4775c27\" data-element_type=\"widget\" data-widget_type=\"image.default\">\n\t\t\t\t\t\t\t\t\t\t\t\t\t\t\t<img decoding=\"async\" width=\"750\" height=\"658\" src=\"https:\/\/guidetours.gr\/wp-content\/uploads\/IMG_9107n@2x.jpg\" class=\"attachment-large size-large wp-image-459\" alt=\"\" srcset=\"https:\/\/guidetours.gr\/wp-content\/uploads\/IMG_9107n@2x.jpg 750w, https:\/\/guidetours.gr\/wp-content\/uploads\/IMG_9107n@2x-600x526.jpg 600w, https:\/\/guidetours.gr\/wp-content\/uploads\/IMG_9107n@2x-300x263.jpg 300w\" sizes=\"(max-width: 750px) 100vw, 750px\" \/>\t\t\t\t\t\t\t\t\t\t\t\t\t\t\t<\/div>\n\t\t\t\t\t<\/div>\n\t\t<\/div>\n\t\t\t\t\t<\/div>\n\t\t<\/section>\n\t\t\t\t<section class=\"elementor-section elementor-top-section elementor-element elementor-element-c37a304 elementor-section-boxed elementor-section-height-default elementor-section-height-default\" data-id=\"c37a304\" data-element_type=\"section\" data-settings=\"{&quot;jet_parallax_layout_list&quot;:[]}\">\n\t\t\t\t\t\t<div class=\"elementor-container elementor-column-gap-default\">\n\t\t\t\t\t<div class=\"elementor-column elementor-col-100 elementor-top-column elementor-element elementor-element-472b620\" data-id=\"472b620\" data-element_type=\"column\">\n\t\t\t<div class=\"elementor-widget-wrap elementor-element-populated\">\n\t\t\t\t\t\t<div class=\"elementor-element elementor-element-e248673 elementor-widget elementor-widget-heading\" data-id=\"e248673\" data-element_type=\"widget\" data-widget_type=\"heading.default\">\n\t\t\t\t\t<h4 class=\"elementor-heading-title elementor-size-default\">Buchen Sie Ihren Santorin-Transfer noch heute und lassen Sie uns den Rest erledigen!<\/h4>\t\t\t\t<\/div>\n\t\t\t\t\t<\/div>\n\t\t<\/div>\n\t\t\t\t\t<\/div>\n\t\t<\/section>\n\t\t\t\t<section class=\"elementor-section elementor-top-section elementor-element elementor-element-835f3ae elementor-hidden-mobile elementor-section-boxed elementor-section-height-default elementor-section-height-default\" data-id=\"835f3ae\" data-element_type=\"section\" data-settings=\"{&quot;background_background&quot;:&quot;classic&quot;,&quot;jet_parallax_layout_list&quot;:[]}\">\n\t\t\t\t\t\t\t<div class=\"elementor-background-overlay\"><\/div>\n\t\t\t\t\t\t\t<div class=\"elementor-container elementor-column-gap-default\">\n\t\t\t\t\t<div class=\"elementor-column elementor-col-100 elementor-top-column elementor-element elementor-element-9d4b5f0\" data-id=\"9d4b5f0\" data-element_type=\"column\">\n\t\t\t<div class=\"elementor-widget-wrap elementor-element-populated\">\n\t\t\t\t\t\t<div class=\"elementor-element elementor-element-0c2c6c2 elementor-widget elementor-widget-image\" data-id=\"0c2c6c2\" data-element_type=\"widget\" data-widget_type=\"image.default\">\n\t\t\t\t\t\t\t\t\t\t\t\t\t\t\t<img decoding=\"async\" width=\"184\" height=\"164\" src=\"https:\/\/guidetours.gr\/wp-content\/uploads\/2023\/05\/Group-346@2x.png\" class=\"attachment-large size-large wp-image-47\" alt=\"\" \/>\t\t\t\t\t\t\t\t\t\t\t\t\t\t\t<\/div>\n\t\t\t\t<div class=\"elementor-element elementor-element-c97c98b elementor-widget__width-auto elementor-widget elementor-widget-heading\" data-id=\"c97c98b\" data-element_type=\"widget\" data-widget_type=\"heading.default\">\n\t\t\t\t\t<h1 class=\"elementor-heading-title elementor-size-default\">Wir w\u00fcnschen Ihnen eine wunderbare Zeit w\u00e4hrend Ihres Aufenthalts auf Santorin.<\/h1>\t\t\t\t<\/div>\n\t\t\t\t<div class=\"elementor-element elementor-element-04f3b12 elementor-align-center new-button-white elementor-widget elementor-widget-button\" data-id=\"04f3b12\" data-element_type=\"widget\" data-widget_type=\"button.default\">\n\t\t\t\t\t\t\t\t\t\t<a class=\"elementor-button elementor-button-link elementor-size-sm\" href=\"https:\/\/guidetours.gr\/de\/tours\/\">\n\t\t\t\t\t\t<span class=\"elementor-button-content-wrapper\">\n\t\t\t\t\t\t\t\t\t<span class=\"elementor-button-text\">Jetzt buchen<\/span>\n\t\t\t\t\t<\/span>\n\t\t\t\t\t<\/a>\n\t\t\t\t\t\t\t\t<\/div>\n\t\t\t\t\t<\/div>\n\t\t<\/div>\n\t\t\t\t\t<\/div>\n\t\t<\/section>\n\t\t\t\t<\/div>","protected":false},"excerpt":{"rendered":"<p>About Us Book Now About Us We always stand by to carry you everywhere you wish. Special tours for cruise travelers. &#8220;Arrive on time, every time with our reliable Santorini transfers.&#8221; Welcome to our website for transfers on the stunning island of Santorini! We understand that getting around a new place can be stressful, which [&hellip;]<\/p>","protected":false},"author":1,"featured_media":0,"parent":0,"menu_order":0,"comment_status":"closed","ping_status":"closed","template":"","meta":{"footnotes":""},"class_list":["post-142","page","type-page","status-publish","hentry"],"yoast_head":"<!-- This site is optimized with the Yoast SEO plugin v27.6 - https:\/\/yoast.com\/product\/yoast-seo-wordpress\/ -->\n<title>About us - Guidetours Santorini<\/title>\n<meta name=\"robots\" content=\"index, follow, max-snippet:-1, max-image-preview:large, max-video-preview:-1\" \/>\n<link rel=\"canonical\" href=\"https:\/\/guidetours.gr\/de\/about-us\/\" \/>\n<meta property=\"og:locale\" content=\"de_DE\" \/>\n<meta property=\"og:type\" content=\"article\" \/>\n<meta property=\"og:title\" content=\"About us - Guidetours Santorini\" \/>\n<meta property=\"og:description\" content=\"About Us Book Now About Us We always stand by to carry you everywhere you wish. Special tours for cruise travelers. &#8220;Arrive on time, every time with our reliable Santorini transfers.&#8221; Welcome to our website for transfers on the stunning island of Santorini! We understand that getting around a new place can be stressful, which [&hellip;]\" \/>\n<meta property=\"og:url\" content=\"https:\/\/guidetours.gr\/de\/about-us\/\" \/>\n<meta property=\"og:site_name\" content=\"Guidetours Santorini\" \/>\n<meta property=\"article:modified_time\" content=\"2024-02-16T09:13:04+00:00\" \/>\n<meta property=\"og:image\" content=\"https:\/\/guidetours.gr\/wp-content\/uploads\/DSC01821@2x.jpg\" \/>\n<meta name=\"twitter:card\" content=\"summary_large_image\" \/>\n<meta name=\"twitter:label1\" content=\"Gesch\u00e4tzte Lesezeit\" \/>\n\t<meta name=\"twitter:data1\" content=\"2\u00a0Minuten\" \/>\n<script type=\"application\/ld+json\" class=\"yoast-schema-graph\">{\"@context\":\"https:\\\/\\\/schema.org\",\"@graph\":[{\"@type\":\"WebPage\",\"@id\":\"https:\\\/\\\/guidetours.gr\\\/about-us\\\/\",\"url\":\"https:\\\/\\\/guidetours.gr\\\/about-us\\\/\",\"name\":\"About us - Guidetours Santorini\",\"isPartOf\":{\"@id\":\"https:\\\/\\\/guidetours.gr\\\/#website\"},\"primaryImageOfPage\":{\"@id\":\"https:\\\/\\\/guidetours.gr\\\/about-us\\\/#primaryimage\"},\"image\":{\"@id\":\"https:\\\/\\\/guidetours.gr\\\/about-us\\\/#primaryimage\"},\"thumbnailUrl\":\"https:\\\/\\\/guidetours.gr\\\/wp-content\\\/uploads\\\/DSC01821@2x.jpg\",\"datePublished\":\"2023-05-23T12:04:44+00:00\",\"dateModified\":\"2024-02-16T09:13:04+00:00\",\"breadcrumb\":{\"@id\":\"https:\\\/\\\/guidetours.gr\\\/about-us\\\/#breadcrumb\"},\"inLanguage\":\"de\",\"potentialAction\":[{\"@type\":\"ReadAction\",\"target\":[\"https:\\\/\\\/guidetours.gr\\\/about-us\\\/\"]}]},{\"@type\":\"ImageObject\",\"inLanguage\":\"de\",\"@id\":\"https:\\\/\\\/guidetours.gr\\\/about-us\\\/#primaryimage\",\"url\":\"https:\\\/\\\/guidetours.gr\\\/wp-content\\\/uploads\\\/DSC01821@2x.jpg\",\"contentUrl\":\"https:\\\/\\\/guidetours.gr\\\/wp-content\\\/uploads\\\/DSC01821@2x.jpg\"},{\"@type\":\"BreadcrumbList\",\"@id\":\"https:\\\/\\\/guidetours.gr\\\/about-us\\\/#breadcrumb\",\"itemListElement\":[{\"@type\":\"ListItem\",\"position\":1,\"name\":\"Home\",\"item\":\"https:\\\/\\\/guidetours.gr\\\/\"},{\"@type\":\"ListItem\",\"position\":2,\"name\":\"About us\"}]},{\"@type\":\"WebSite\",\"@id\":\"https:\\\/\\\/guidetours.gr\\\/#website\",\"url\":\"https:\\\/\\\/guidetours.gr\\\/\",\"name\":\"Guidetours Santorini\",\"description\":\"Santorini Transfers &amp; Tours by Guide Tours\",\"publisher\":{\"@id\":\"https:\\\/\\\/guidetours.gr\\\/#organization\"},\"potentialAction\":[{\"@type\":\"SearchAction\",\"target\":{\"@type\":\"EntryPoint\",\"urlTemplate\":\"https:\\\/\\\/guidetours.gr\\\/?s={search_term_string}\"},\"query-input\":{\"@type\":\"PropertyValueSpecification\",\"valueRequired\":true,\"valueName\":\"search_term_string\"}}],\"inLanguage\":\"de\"},{\"@type\":\"Organization\",\"@id\":\"https:\\\/\\\/guidetours.gr\\\/#organization\",\"name\":\"Guidetours Santorini\",\"url\":\"https:\\\/\\\/guidetours.gr\\\/\",\"logo\":{\"@type\":\"ImageObject\",\"inLanguage\":\"de\",\"@id\":\"https:\\\/\\\/guidetours.gr\\\/#\\\/schema\\\/logo\\\/image\\\/\",\"url\":\"https:\\\/\\\/guidetours.gr\\\/wp-content\\\/uploads\\\/2023\\\/05\\\/Group-346@2x.png\",\"contentUrl\":\"https:\\\/\\\/guidetours.gr\\\/wp-content\\\/uploads\\\/2023\\\/05\\\/Group-346@2x.png\",\"width\":184,\"height\":164,\"caption\":\"Guidetours Santorini\"},\"image\":{\"@id\":\"https:\\\/\\\/guidetours.gr\\\/#\\\/schema\\\/logo\\\/image\\\/\"}}]}<\/script>\n<!-- \/ Yoast SEO plugin. -->","yoast_head_json":{"title":"About us - Guidetours Santorini","robots":{"index":"index","follow":"follow","max-snippet":"max-snippet:-1","max-image-preview":"max-image-preview:large","max-video-preview":"max-video-preview:-1"},"canonical":"https:\/\/guidetours.gr\/de\/about-us\/","og_locale":"de_DE","og_type":"article","og_title":"About us - Guidetours Santorini","og_description":"About Us Book Now About Us We always stand by to carry you everywhere you wish. Special tours for cruise travelers. &#8220;Arrive on time, every time with our reliable Santorini transfers.&#8221; Welcome to our website for transfers on the stunning island of Santorini! We understand that getting around a new place can be stressful, which [&hellip;]","og_url":"https:\/\/guidetours.gr\/de\/about-us\/","og_site_name":"Guidetours Santorini","article_modified_time":"2024-02-16T09:13:04+00:00","og_image":[{"url":"https:\/\/guidetours.gr\/wp-content\/uploads\/DSC01821@2x.jpg","type":"","width":"","height":""}],"twitter_card":"summary_large_image","twitter_misc":{"Gesch\u00e4tzte Lesezeit":"2\u00a0Minuten"},"schema":{"@context":"https:\/\/schema.org","@graph":[{"@type":"WebPage","@id":"https:\/\/guidetours.gr\/about-us\/","url":"https:\/\/guidetours.gr\/about-us\/","name":"About us - Guidetours Santorini","isPartOf":{"@id":"https:\/\/guidetours.gr\/#website"},"primaryImageOfPage":{"@id":"https:\/\/guidetours.gr\/about-us\/#primaryimage"},"image":{"@id":"https:\/\/guidetours.gr\/about-us\/#primaryimage"},"thumbnailUrl":"https:\/\/guidetours.gr\/wp-content\/uploads\/DSC01821@2x.jpg","datePublished":"2023-05-23T12:04:44+00:00","dateModified":"2024-02-16T09:13:04+00:00","breadcrumb":{"@id":"https:\/\/guidetours.gr\/about-us\/#breadcrumb"},"inLanguage":"de","potentialAction":[{"@type":"ReadAction","target":["https:\/\/guidetours.gr\/about-us\/"]}]},{"@type":"ImageObject","inLanguage":"de","@id":"https:\/\/guidetours.gr\/about-us\/#primaryimage","url":"https:\/\/guidetours.gr\/wp-content\/uploads\/DSC01821@2x.jpg","contentUrl":"https:\/\/guidetours.gr\/wp-content\/uploads\/DSC01821@2x.jpg"},{"@type":"BreadcrumbList","@id":"https:\/\/guidetours.gr\/about-us\/#breadcrumb","itemListElement":[{"@type":"ListItem","position":1,"name":"Home","item":"https:\/\/guidetours.gr\/"},{"@type":"ListItem","position":2,"name":"About us"}]},{"@type":"WebSite","@id":"https:\/\/guidetours.gr\/#website","url":"https:\/\/guidetours.gr\/","name":"Guidetours Santorini","description":"Santorini Transfers &amp; Tours by Guide Tours","publisher":{"@id":"https:\/\/guidetours.gr\/#organization"},"potentialAction":[{"@type":"SearchAction","target":{"@type":"EntryPoint","urlTemplate":"https:\/\/guidetours.gr\/?s={search_term_string}"},"query-input":{"@type":"PropertyValueSpecification","valueRequired":true,"valueName":"search_term_string"}}],"inLanguage":"de"},{"@type":"Organization","@id":"https:\/\/guidetours.gr\/#organization","name":"Guidetours Santorini","url":"https:\/\/guidetours.gr\/","logo":{"@type":"ImageObject","inLanguage":"de","@id":"https:\/\/guidetours.gr\/#\/schema\/logo\/image\/","url":"https:\/\/guidetours.gr\/wp-content\/uploads\/2023\/05\/Group-346@2x.png","contentUrl":"https:\/\/guidetours.gr\/wp-content\/uploads\/2023\/05\/Group-346@2x.png","width":184,"height":164,"caption":"Guidetours Santorini"},"image":{"@id":"https:\/\/guidetours.gr\/#\/schema\/logo\/image\/"}}]}},"_links":{"self":[{"href":"https:\/\/guidetours.gr\/de\/wp-json\/wp\/v2\/pages\/142","targetHints":{"allow":["GET"]}}],"collection":[{"href":"https:\/\/guidetours.gr\/de\/wp-json\/wp\/v2\/pages"}],"about":[{"href":"https:\/\/guidetours.gr\/de\/wp-json\/wp\/v2\/types\/page"}],"author":[{"embeddable":true,"href":"https:\/\/guidetours.gr\/de\/wp-json\/wp\/v2\/users\/1"}],"replies":[{"embeddable":true,"href":"https:\/\/guidetours.gr\/de\/wp-json\/wp\/v2\/comments?post=142"}],"version-history":[{"count":86,"href":"https:\/\/guidetours.gr\/de\/wp-json\/wp\/v2\/pages\/142\/revisions"}],"predecessor-version":[{"id":1840,"href":"https:\/\/guidetours.gr\/de\/wp-json\/wp\/v2\/pages\/142\/revisions\/1840"}],"wp:attachment":[{"href":"https:\/\/guidetours.gr\/de\/wp-json\/wp\/v2\/media?parent=142"}],"curies":[{"name":"wp","href":"https:\/\/api.w.org\/{rel}","templated":true}]}}