{"id":137,"date":"2023-05-23T12:02:05","date_gmt":"2023-05-23T12:02:05","guid":{"rendered":"https:\/\/guidetours.gr\/?page_id=137"},"modified":"2024-02-16T17:12:46","modified_gmt":"2024-02-16T15:12:46","slug":"the-volcano","status":"publish","type":"page","link":"https:\/\/guidetours.gr\/es\/the-volcano\/","title":{"rendered":"El volc\u00e1n"},"content":{"rendered":"<div data-elementor-type=\"wp-page\" data-elementor-id=\"137\" class=\"elementor elementor-137\" data-elementor-post-type=\"page\">\n\t\t\t\t\t\t<section class=\"elementor-section elementor-top-section elementor-element elementor-element-ce31d99 elementor-section-height-min-height elementor-section-boxed elementor-section-height-default elementor-section-items-middle\" data-id=\"ce31d99\" data-element_type=\"section\" data-settings=\"{&quot;background_background&quot;:&quot;classic&quot;,&quot;jet_parallax_layout_list&quot;:[]}\">\n\t\t\t\t\t\t\t<div class=\"elementor-background-overlay\"><\/div>\n\t\t\t\t\t\t\t<div class=\"elementor-container elementor-column-gap-default\">\n\t\t\t\t\t<div class=\"elementor-column elementor-col-100 elementor-top-column elementor-element elementor-element-4532fff elementor-hidden-desktop elementor-hidden-tablet\" data-id=\"4532fff\" data-element_type=\"column\">\n\t\t\t<div class=\"elementor-widget-wrap elementor-element-populated\">\n\t\t\t\t\t\t<div class=\"elementor-element elementor-element-ae934e4 elementor-widget elementor-widget-heading\" data-id=\"ae934e4\" data-element_type=\"widget\" data-widget_type=\"heading.default\">\n\t\t\t\t\t<h4 class=\"elementor-heading-title elementor-size-default\">El volc\u00e1n<\/h4>\t\t\t\t<\/div>\n\t\t\t\t<div class=\"elementor-element elementor-element-a9306e8 elementor-align-left elementor-mobile-align-center elementor-widget elementor-widget-button\" data-id=\"a9306e8\" data-element_type=\"widget\" data-widget_type=\"button.default\">\n\t\t\t\t\t\t\t\t\t\t<a class=\"elementor-button elementor-button-link elementor-size-xs\" href=\"https:\/\/guidetours.gr\/es\/tours\/\">\n\t\t\t\t\t\t<span class=\"elementor-button-content-wrapper\">\n\t\t\t\t\t\t\t\t\t<span class=\"elementor-button-text\">Reserve ahora<\/span>\n\t\t\t\t\t<\/span>\n\t\t\t\t\t<\/a>\n\t\t\t\t\t\t\t\t<\/div>\n\t\t\t\t\t<\/div>\n\t\t<\/div>\n\t\t\t\t\t<\/div>\n\t\t<\/section>\n\t\t\t\t<section class=\"elementor-section elementor-top-section elementor-element elementor-element-effcf69 elementor-section-boxed elementor-section-height-default elementor-section-height-default\" data-id=\"effcf69\" data-element_type=\"section\" data-settings=\"{&quot;jet_parallax_layout_list&quot;:[]}\">\n\t\t\t\t\t\t<div class=\"elementor-container elementor-column-gap-default\">\n\t\t\t\t\t<div class=\"elementor-column elementor-col-100 elementor-top-column elementor-element elementor-element-1c8b06d\" data-id=\"1c8b06d\" data-element_type=\"column\">\n\t\t\t<div class=\"elementor-widget-wrap elementor-element-populated\">\n\t\t\t\t\t\t<div class=\"elementor-element elementor-element-a05b24a elementor-widget__width-auto elementor-widget-divider--view-line elementor-widget elementor-widget-divider\" data-id=\"a05b24a\" data-element_type=\"widget\" data-widget_type=\"divider.default\">\n\t\t\t\t\t\t\t<div class=\"elementor-divider\">\n\t\t\t<span class=\"elementor-divider-separator\">\n\t\t\t\t\t\t<\/span>\n\t\t<\/div>\n\t\t\t\t\t\t<\/div>\n\t\t\t\t<div class=\"elementor-element elementor-element-e02ad4b elementor-widget__width-auto elementor-widget elementor-widget-heading\" data-id=\"e02ad4b\" data-element_type=\"widget\" data-widget_type=\"heading.default\">\n\t\t\t\t\t<h1 class=\"elementor-heading-title elementor-size-default\">El volc\u00e1n<\/h1>\t\t\t\t<\/div>\n\t\t\t\t<div class=\"elementor-element elementor-element-016e488 elementor-hidden-desktop elementor-hidden-tablet elementor-hidden-mobile elementor-widget elementor-widget-heading\" data-id=\"016e488\" data-element_type=\"widget\" data-widget_type=\"heading.default\">\n\t\t\t\t\t<h5 class=\"elementor-heading-title elementor-size-default\">Descubra la maravilla natural del volc\u00e1n de Santorini con cruceros diarios que salen del puerto de Athinios o del puerto viejo de Fira. <br><br>Experimente la emoci\u00f3n de escalar el volc\u00e1n y dar un paseo hasta el centro del cr\u00e1ter, seguido de un refrescante ba\u00f1o en las aguas termales situadas entre las dos islas volc\u00e1nicas de Viejo y Nuevo Kameni. <br><br>El crucero tambi\u00e9n incluye una parada en Thirasia, una peque\u00f1a y encantadora isla situada frente a Oia, donde podr\u00e1 disfrutar de un ba\u00f1o o de un delicioso almuerzo en un restaurante o taberna local antes de regresar a Santorini. <br><br>Reserve hoy mismo su crucero por el volc\u00e1n y emb\u00e1rquese en una emocionante aventura para explorar uno de los lugares m\u00e1s emblem\u00e1ticos de Santorini.<\/h5>\t\t\t\t<\/div>\n\t\t\t\t\t<\/div>\n\t\t<\/div>\n\t\t\t\t\t<\/div>\n\t\t<\/section>\n\t\t\t\t<section class=\"elementor-section elementor-top-section elementor-element elementor-element-dfd2e3e elementor-section-boxed elementor-section-height-default elementor-section-height-default\" data-id=\"dfd2e3e\" data-element_type=\"section\" data-settings=\"{&quot;jet_parallax_layout_list&quot;:[]}\">\n\t\t\t\t\t\t<div class=\"elementor-container elementor-column-gap-default\">\n\t\t\t\t\t<div class=\"elementor-column elementor-col-50 elementor-top-column elementor-element elementor-element-818cc04\" data-id=\"818cc04\" data-element_type=\"column\">\n\t\t\t<div class=\"elementor-widget-wrap elementor-element-populated\">\n\t\t\t\t\t\t<div class=\"elementor-element elementor-element-c96e312 elementor-widget elementor-widget-image\" data-id=\"c96e312\" data-element_type=\"widget\" data-widget_type=\"image.default\">\n\t\t\t\t\t\t\t\t\t\t\t\t\t\t\t<img fetchpriority=\"high\" decoding=\"async\" width=\"800\" height=\"451\" src=\"https:\/\/guidetours.gr\/wp-content\/uploads\/shutterstock_177748529@2x-1024x577.jpg\" class=\"attachment-large size-large wp-image-647\" alt=\"\" srcset=\"https:\/\/guidetours.gr\/wp-content\/uploads\/shutterstock_177748529@2x-1024x577.jpg 1024w, https:\/\/guidetours.gr\/wp-content\/uploads\/shutterstock_177748529@2x-600x338.jpg 600w, https:\/\/guidetours.gr\/wp-content\/uploads\/shutterstock_177748529@2x-300x169.jpg 300w, https:\/\/guidetours.gr\/wp-content\/uploads\/shutterstock_177748529@2x-768x433.jpg 768w, https:\/\/guidetours.gr\/wp-content\/uploads\/shutterstock_177748529@2x.jpg 1264w\" sizes=\"(max-width: 800px) 100vw, 800px\" \/>\t\t\t\t\t\t\t\t\t\t\t\t\t\t\t<\/div>\n\t\t\t\t\t<\/div>\n\t\t<\/div>\n\t\t\t\t<div class=\"elementor-column elementor-col-50 elementor-top-column elementor-element elementor-element-550d843\" data-id=\"550d843\" data-element_type=\"column\">\n\t\t\t<div class=\"elementor-widget-wrap elementor-element-populated\">\n\t\t\t\t\t\t<div class=\"elementor-element elementor-element-292aab6 elementor-widget elementor-widget-heading\" data-id=\"292aab6\" data-element_type=\"widget\" data-widget_type=\"heading.default\">\n\t\t\t\t\t<h6 class=\"elementor-heading-title elementor-size-default\">Descubra la maravilla natural del volc\u00e1n de Santorini con cruceros diarios que salen del puerto de Athinios o del puerto viejo de Fira. <br><br>Experimente la emoci\u00f3n de escalar el volc\u00e1n y dar un paseo hasta el centro del cr\u00e1ter, seguido de un refrescante ba\u00f1o en las aguas termales situadas entre las dos islas volc\u00e1nicas de Viejo y Nuevo Kameni.<\/h6>\t\t\t\t<\/div>\n\t\t\t\t\t<\/div>\n\t\t<\/div>\n\t\t\t\t\t<\/div>\n\t\t<\/section>\n\t\t\t\t<section class=\"elementor-section elementor-top-section elementor-element elementor-element-959b3ec elementor-reverse-mobile elementor-section-boxed elementor-section-height-default elementor-section-height-default\" data-id=\"959b3ec\" data-element_type=\"section\" data-settings=\"{&quot;jet_parallax_layout_list&quot;:[]}\">\n\t\t\t\t\t\t<div class=\"elementor-container elementor-column-gap-default\">\n\t\t\t\t\t<div class=\"elementor-column elementor-col-50 elementor-top-column elementor-element elementor-element-e0252b8\" data-id=\"e0252b8\" data-element_type=\"column\">\n\t\t\t<div class=\"elementor-widget-wrap elementor-element-populated\">\n\t\t\t\t\t\t<div class=\"elementor-element elementor-element-9f7919d elementor-widget elementor-widget-heading\" data-id=\"9f7919d\" data-element_type=\"widget\" data-widget_type=\"heading.default\">\n\t\t\t\t\t<h6 class=\"elementor-heading-title elementor-size-default\">El crucero tambi\u00e9n incluye una parada en Thirasia, una peque\u00f1a y encantadora isla situada frente a Oia, donde podr\u00e1 disfrutar de un ba\u00f1o o de un delicioso almuerzo en un restaurante o taberna local antes de regresar a Santorini. <br><br>Reserve hoy mismo su crucero por el volc\u00e1n y emb\u00e1rquese en una emocionante aventura para explorar uno de los lugares m\u00e1s emblem\u00e1ticos de Santorini.<\/h6>\t\t\t\t<\/div>\n\t\t\t\t\t<\/div>\n\t\t<\/div>\n\t\t\t\t<div class=\"elementor-column elementor-col-50 elementor-top-column elementor-element elementor-element-52ba0a5\" data-id=\"52ba0a5\" data-element_type=\"column\">\n\t\t\t<div class=\"elementor-widget-wrap elementor-element-populated\">\n\t\t\t\t\t\t<div class=\"elementor-element elementor-element-4044db1 elementor-widget elementor-widget-image\" data-id=\"4044db1\" data-element_type=\"widget\" data-widget_type=\"image.default\">\n\t\t\t\t\t\t\t\t\t\t\t\t\t\t\t<img decoding=\"async\" width=\"800\" height=\"451\" src=\"https:\/\/guidetours.gr\/wp-content\/uploads\/shutterstock_586371569@2x-1024x577.jpg\" class=\"attachment-large size-large wp-image-644\" alt=\"\" srcset=\"https:\/\/guidetours.gr\/wp-content\/uploads\/shutterstock_586371569@2x-1024x577.jpg 1024w, https:\/\/guidetours.gr\/wp-content\/uploads\/shutterstock_586371569@2x-600x338.jpg 600w, https:\/\/guidetours.gr\/wp-content\/uploads\/shutterstock_586371569@2x-300x169.jpg 300w, https:\/\/guidetours.gr\/wp-content\/uploads\/shutterstock_586371569@2x-768x433.jpg 768w, https:\/\/guidetours.gr\/wp-content\/uploads\/shutterstock_586371569@2x.jpg 1264w\" sizes=\"(max-width: 800px) 100vw, 800px\" \/>\t\t\t\t\t\t\t\t\t\t\t\t\t\t\t<\/div>\n\t\t\t\t\t<\/div>\n\t\t<\/div>\n\t\t\t\t\t<\/div>\n\t\t<\/section>\n\t\t\t\t<section class=\"elementor-section elementor-top-section elementor-element elementor-element-186575d elementor-hidden-desktop elementor-hidden-tablet elementor-hidden-mobile elementor-section-boxed elementor-section-height-default elementor-section-height-default\" data-id=\"186575d\" data-element_type=\"section\" data-settings=\"{&quot;jet_parallax_layout_list&quot;:[]}\">\n\t\t\t\t\t\t<div class=\"elementor-container elementor-column-gap-default\">\n\t\t\t\t\t<div class=\"elementor-column elementor-col-100 elementor-top-column elementor-element elementor-element-26d1c6c\" data-id=\"26d1c6c\" data-element_type=\"column\">\n\t\t\t<div class=\"elementor-widget-wrap elementor-element-populated\">\n\t\t\t\t\t\t<div class=\"elementor-element elementor-element-cdccfac elementor-widget-mobile__width-inherit elementor-arrows-position-inside elementor-widget elementor-widget-image-carousel\" data-id=\"cdccfac\" data-element_type=\"widget\" data-settings=\"{&quot;slides_to_show&quot;:&quot;2&quot;,&quot;navigation&quot;:&quot;arrows&quot;,&quot;image_spacing_custom&quot;:{&quot;unit&quot;:&quot;px&quot;,&quot;size&quot;:16,&quot;sizes&quot;:[]},&quot;slides_to_show_mobile&quot;:&quot;1&quot;,&quot;slides_to_scroll&quot;:&quot;1&quot;,&quot;autoplay&quot;:&quot;yes&quot;,&quot;pause_on_hover&quot;:&quot;yes&quot;,&quot;pause_on_interaction&quot;:&quot;yes&quot;,&quot;autoplay_speed&quot;:5000,&quot;infinite&quot;:&quot;yes&quot;,&quot;speed&quot;:500,&quot;image_spacing_custom_tablet&quot;:{&quot;unit&quot;:&quot;px&quot;,&quot;size&quot;:&quot;&quot;,&quot;sizes&quot;:[]}}\" data-widget_type=\"image-carousel.default\">\n\t\t\t\t\t\t\t<div class=\"elementor-image-carousel-wrapper swiper\" role=\"region\" aria-roledescription=\"carousel\" aria-label=\"Carrusel de im\u00e1genes\" dir=\"ltr\" data-no-translation-aria-label=\"\">\n\t\t\t<div class=\"elementor-image-carousel swiper-wrapper swiper-image-stretch\" aria-live=\"off\">\n\t\t\t\t\t\t\t\t<div class=\"swiper-slide\" role=\"group\" aria-roledescription=\"slide\" aria-label=\"1 de 4\" data-no-translation-aria-label=\"\"><figure class=\"swiper-slide-inner\"><img decoding=\"async\" class=\"swiper-slide-image\" src=\"https:\/\/guidetours.gr\/wp-content\/uploads\/shutterstock_177748529@2x.jpg\" alt=\"shutterstock_177748529@2x\" \/><\/figure><\/div><div class=\"swiper-slide\" role=\"group\" aria-roledescription=\"slide\" aria-label=\"2 de 4\" data-no-translation-aria-label=\"\"><figure class=\"swiper-slide-inner\"><img decoding=\"async\" class=\"swiper-slide-image\" src=\"https:\/\/guidetours.gr\/wp-content\/uploads\/shutterstock_98421227@2x.jpg\" alt=\"shutterstock_98421227@2x\" \/><\/figure><\/div><div class=\"swiper-slide\" role=\"group\" aria-roledescription=\"slide\" aria-label=\"3 de 4\" data-no-translation-aria-label=\"\"><figure class=\"swiper-slide-inner\"><img decoding=\"async\" class=\"swiper-slide-image\" src=\"https:\/\/guidetours.gr\/wp-content\/uploads\/shutterstock_1535100302@2x.jpg\" alt=\"shutterstock_1535100302@2x\" \/><\/figure><\/div><div class=\"swiper-slide\" role=\"group\" aria-roledescription=\"slide\" aria-label=\"4 de 4\" data-no-translation-aria-label=\"\"><figure class=\"swiper-slide-inner\"><img decoding=\"async\" class=\"swiper-slide-image\" src=\"https:\/\/guidetours.gr\/wp-content\/uploads\/shutterstock_586371569@2x.jpg\" alt=\"shutterstock_586371569@2x\" \/><\/figure><\/div>\t\t\t<\/div>\n\t\t\t\t\t\t\t\t\t\t\t\t<div class=\"elementor-swiper-button elementor-swiper-button-prev\" role=\"button\" tabindex=\"0\">\n\t\t\t\t\t\t<svg aria-hidden=\"true\" class=\"e-font-icon-svg e-eicon-chevron-left\" viewbox=\"0 0 1000 1000\" xmlns=\"http:\/\/www.w3.org\/2000\/svg\"><path d=\"M646 125C629 125 613 133 604 142L308 442C296 454 292 471 292 487 292 504 296 521 308 533L604 854C617 867 629 875 646 875 663 875 679 871 692 858 704 846 713 829 713 812 713 796 708 779 692 767L438 487 692 225C700 217 708 204 708 187 708 171 704 154 692 142 675 129 663 125 646 125Z\"><\/path><\/svg>\t\t\t\t\t<\/div>\n\t\t\t\t\t<div class=\"elementor-swiper-button elementor-swiper-button-next\" role=\"button\" tabindex=\"0\">\n\t\t\t\t\t\t<svg aria-hidden=\"true\" class=\"e-font-icon-svg e-eicon-chevron-right\" viewbox=\"0 0 1000 1000\" xmlns=\"http:\/\/www.w3.org\/2000\/svg\"><path d=\"M696 533C708 521 713 504 713 487 713 471 708 454 696 446L400 146C388 133 375 125 354 125 338 125 325 129 313 142 300 154 292 171 292 187 292 204 296 221 308 233L563 492 304 771C292 783 288 800 288 817 288 833 296 850 308 863 321 871 338 875 354 875 371 875 388 867 400 854L696 533Z\"><\/path><\/svg>\t\t\t\t\t<\/div>\n\t\t\t\t\n\t\t\t\t\t\t\t\t\t<\/div>\n\t\t\t\t\t\t<\/div>\n\t\t\t\t\t<\/div>\n\t\t<\/div>\n\t\t\t\t\t<\/div>\n\t\t<\/section>\n\t\t\t\t<section class=\"elementor-section elementor-top-section elementor-element elementor-element-3b20273 elementor-hidden-mobile elementor-section-boxed elementor-section-height-default elementor-section-height-default\" data-id=\"3b20273\" data-element_type=\"section\" data-settings=\"{&quot;background_background&quot;:&quot;classic&quot;,&quot;jet_parallax_layout_list&quot;:[]}\">\n\t\t\t\t\t\t\t<div class=\"elementor-background-overlay\"><\/div>\n\t\t\t\t\t\t\t<div class=\"elementor-container elementor-column-gap-default\">\n\t\t\t\t\t<div class=\"elementor-column elementor-col-100 elementor-top-column elementor-element elementor-element-e95b8f3\" data-id=\"e95b8f3\" data-element_type=\"column\">\n\t\t\t<div class=\"elementor-widget-wrap elementor-element-populated\">\n\t\t\t\t\t\t<div class=\"elementor-element elementor-element-7720614 elementor-widget elementor-widget-image\" data-id=\"7720614\" data-element_type=\"widget\" data-widget_type=\"image.default\">\n\t\t\t\t\t\t\t\t\t\t\t\t\t\t\t<img decoding=\"async\" width=\"184\" height=\"164\" src=\"https:\/\/guidetours.gr\/wp-content\/uploads\/2023\/05\/Group-346@2x.png\" class=\"attachment-large size-large wp-image-47\" alt=\"\" \/>\t\t\t\t\t\t\t\t\t\t\t\t\t\t\t<\/div>\n\t\t\t\t<div class=\"elementor-element elementor-element-53b7c59 elementor-widget__width-auto elementor-widget elementor-widget-heading\" data-id=\"53b7c59\" data-element_type=\"widget\" data-widget_type=\"heading.default\">\n\t\t\t\t\t<h1 class=\"elementor-heading-title elementor-size-default\">Deseamos que disfrute de su estancia en Santorini.<\/h1>\t\t\t\t<\/div>\n\t\t\t\t<div class=\"elementor-element elementor-element-bbc7293 elementor-align-center new-button-white elementor-widget elementor-widget-button\" data-id=\"bbc7293\" data-element_type=\"widget\" data-widget_type=\"button.default\">\n\t\t\t\t\t\t\t\t\t\t<a class=\"elementor-button elementor-button-link elementor-size-sm\" href=\"https:\/\/guidetours.gr\/es\/tours\/\">\n\t\t\t\t\t\t<span class=\"elementor-button-content-wrapper\">\n\t\t\t\t\t\t\t\t\t<span class=\"elementor-button-text\">Reserve ahora<\/span>\n\t\t\t\t\t<\/span>\n\t\t\t\t\t<\/a>\n\t\t\t\t\t\t\t\t<\/div>\n\t\t\t\t\t<\/div>\n\t\t<\/div>\n\t\t\t\t\t<\/div>\n\t\t<\/section>\n\t\t\t\t<\/div>","protected":false},"excerpt":{"rendered":"<p>The Volcano Book Now The Volcano Discover the natural wonder of Santorini&#8217;s volcano with daily cruises departing from Athinios port or Fira&#8217;s old port. Experience the thrill of climbing the volcano and taking a walk to the center of the crater, followed by a refreshing swim in the hot springs located between the two volcanic [&hellip;]<\/p>","protected":false},"author":1,"featured_media":0,"parent":0,"menu_order":0,"comment_status":"closed","ping_status":"closed","template":"","meta":{"footnotes":""},"class_list":["post-137","page","type-page","status-publish","hentry"],"yoast_head":"<!-- This site is optimized with the Yoast SEO plugin v27.4 - https:\/\/yoast.com\/product\/yoast-seo-wordpress\/ -->\n<title>The Volcano - Guidetours Santorini<\/title>\n<meta name=\"robots\" content=\"index, follow, max-snippet:-1, max-image-preview:large, max-video-preview:-1\" \/>\n<link rel=\"canonical\" href=\"https:\/\/guidetours.gr\/es\/the-volcano\/\" \/>\n<meta property=\"og:locale\" content=\"es_ES\" \/>\n<meta property=\"og:type\" content=\"article\" \/>\n<meta property=\"og:title\" content=\"The Volcano - Guidetours Santorini\" \/>\n<meta property=\"og:description\" content=\"The Volcano Book Now The Volcano Discover the natural wonder of Santorini&#8217;s volcano with daily cruises departing from Athinios port or Fira&#8217;s old port. Experience the thrill of climbing the volcano and taking a walk to the center of the crater, followed by a refreshing swim in the hot springs located between the two volcanic [&hellip;]\" \/>\n<meta property=\"og:url\" content=\"https:\/\/guidetours.gr\/es\/the-volcano\/\" \/>\n<meta property=\"og:site_name\" content=\"Guidetours Santorini\" \/>\n<meta property=\"article:modified_time\" content=\"2024-02-16T15:12:46+00:00\" \/>\n<meta property=\"og:image\" content=\"https:\/\/guidetours.gr\/wp-content\/uploads\/shutterstock_177748529@2x-1024x577.jpg\" \/>\n<meta name=\"twitter:card\" content=\"summary_large_image\" \/>\n<meta name=\"twitter:label1\" content=\"Tiempo de lectura\" \/>\n\t<meta name=\"twitter:data1\" content=\"3 minutos\" \/>\n<script type=\"application\/ld+json\" class=\"yoast-schema-graph\">{\"@context\":\"https:\\\/\\\/schema.org\",\"@graph\":[{\"@type\":\"WebPage\",\"@id\":\"https:\\\/\\\/guidetours.gr\\\/the-volcano\\\/\",\"url\":\"https:\\\/\\\/guidetours.gr\\\/the-volcano\\\/\",\"name\":\"The Volcano - Guidetours Santorini\",\"isPartOf\":{\"@id\":\"https:\\\/\\\/guidetours.gr\\\/#website\"},\"primaryImageOfPage\":{\"@id\":\"https:\\\/\\\/guidetours.gr\\\/the-volcano\\\/#primaryimage\"},\"image\":{\"@id\":\"https:\\\/\\\/guidetours.gr\\\/the-volcano\\\/#primaryimage\"},\"thumbnailUrl\":\"https:\\\/\\\/guidetours.gr\\\/wp-content\\\/uploads\\\/shutterstock_177748529@2x-1024x577.jpg\",\"datePublished\":\"2023-05-23T12:02:05+00:00\",\"dateModified\":\"2024-02-16T15:12:46+00:00\",\"breadcrumb\":{\"@id\":\"https:\\\/\\\/guidetours.gr\\\/the-volcano\\\/#breadcrumb\"},\"inLanguage\":\"es\",\"potentialAction\":[{\"@type\":\"ReadAction\",\"target\":[\"https:\\\/\\\/guidetours.gr\\\/the-volcano\\\/\"]}]},{\"@type\":\"ImageObject\",\"inLanguage\":\"es\",\"@id\":\"https:\\\/\\\/guidetours.gr\\\/the-volcano\\\/#primaryimage\",\"url\":\"https:\\\/\\\/guidetours.gr\\\/wp-content\\\/uploads\\\/shutterstock_177748529@2x-1024x577.jpg\",\"contentUrl\":\"https:\\\/\\\/guidetours.gr\\\/wp-content\\\/uploads\\\/shutterstock_177748529@2x-1024x577.jpg\"},{\"@type\":\"BreadcrumbList\",\"@id\":\"https:\\\/\\\/guidetours.gr\\\/the-volcano\\\/#breadcrumb\",\"itemListElement\":[{\"@type\":\"ListItem\",\"position\":1,\"name\":\"Home\",\"item\":\"https:\\\/\\\/guidetours.gr\\\/\"},{\"@type\":\"ListItem\",\"position\":2,\"name\":\"The Volcano\"}]},{\"@type\":\"WebSite\",\"@id\":\"https:\\\/\\\/guidetours.gr\\\/#website\",\"url\":\"https:\\\/\\\/guidetours.gr\\\/\",\"name\":\"Guidetours Santorini\",\"description\":\"Santorini Transfers &amp; Tours by Guide Tours\",\"publisher\":{\"@id\":\"https:\\\/\\\/guidetours.gr\\\/#organization\"},\"potentialAction\":[{\"@type\":\"SearchAction\",\"target\":{\"@type\":\"EntryPoint\",\"urlTemplate\":\"https:\\\/\\\/guidetours.gr\\\/?s={search_term_string}\"},\"query-input\":{\"@type\":\"PropertyValueSpecification\",\"valueRequired\":true,\"valueName\":\"search_term_string\"}}],\"inLanguage\":\"es\"},{\"@type\":\"Organization\",\"@id\":\"https:\\\/\\\/guidetours.gr\\\/#organization\",\"name\":\"Guidetours Santorini\",\"url\":\"https:\\\/\\\/guidetours.gr\\\/\",\"logo\":{\"@type\":\"ImageObject\",\"inLanguage\":\"es\",\"@id\":\"https:\\\/\\\/guidetours.gr\\\/#\\\/schema\\\/logo\\\/image\\\/\",\"url\":\"https:\\\/\\\/guidetours.gr\\\/wp-content\\\/uploads\\\/2023\\\/05\\\/Group-346@2x.png\",\"contentUrl\":\"https:\\\/\\\/guidetours.gr\\\/wp-content\\\/uploads\\\/2023\\\/05\\\/Group-346@2x.png\",\"width\":184,\"height\":164,\"caption\":\"Guidetours Santorini\"},\"image\":{\"@id\":\"https:\\\/\\\/guidetours.gr\\\/#\\\/schema\\\/logo\\\/image\\\/\"}}]}<\/script>\n<!-- \/ Yoast SEO plugin. -->","yoast_head_json":{"title":"The Volcano - Guidetours Santorini","robots":{"index":"index","follow":"follow","max-snippet":"max-snippet:-1","max-image-preview":"max-image-preview:large","max-video-preview":"max-video-preview:-1"},"canonical":"https:\/\/guidetours.gr\/es\/the-volcano\/","og_locale":"es_ES","og_type":"article","og_title":"The Volcano - Guidetours Santorini","og_description":"The Volcano Book Now The Volcano Discover the natural wonder of Santorini&#8217;s volcano with daily cruises departing from Athinios port or Fira&#8217;s old port. Experience the thrill of climbing the volcano and taking a walk to the center of the crater, followed by a refreshing swim in the hot springs located between the two volcanic [&hellip;]","og_url":"https:\/\/guidetours.gr\/es\/the-volcano\/","og_site_name":"Guidetours Santorini","article_modified_time":"2024-02-16T15:12:46+00:00","og_image":[{"url":"https:\/\/guidetours.gr\/wp-content\/uploads\/shutterstock_177748529@2x-1024x577.jpg","type":"","width":"","height":""}],"twitter_card":"summary_large_image","twitter_misc":{"Tiempo de lectura":"3 minutos"},"schema":{"@context":"https:\/\/schema.org","@graph":[{"@type":"WebPage","@id":"https:\/\/guidetours.gr\/the-volcano\/","url":"https:\/\/guidetours.gr\/the-volcano\/","name":"The Volcano - Guidetours Santorini","isPartOf":{"@id":"https:\/\/guidetours.gr\/#website"},"primaryImageOfPage":{"@id":"https:\/\/guidetours.gr\/the-volcano\/#primaryimage"},"image":{"@id":"https:\/\/guidetours.gr\/the-volcano\/#primaryimage"},"thumbnailUrl":"https:\/\/guidetours.gr\/wp-content\/uploads\/shutterstock_177748529@2x-1024x577.jpg","datePublished":"2023-05-23T12:02:05+00:00","dateModified":"2024-02-16T15:12:46+00:00","breadcrumb":{"@id":"https:\/\/guidetours.gr\/the-volcano\/#breadcrumb"},"inLanguage":"es","potentialAction":[{"@type":"ReadAction","target":["https:\/\/guidetours.gr\/the-volcano\/"]}]},{"@type":"ImageObject","inLanguage":"es","@id":"https:\/\/guidetours.gr\/the-volcano\/#primaryimage","url":"https:\/\/guidetours.gr\/wp-content\/uploads\/shutterstock_177748529@2x-1024x577.jpg","contentUrl":"https:\/\/guidetours.gr\/wp-content\/uploads\/shutterstock_177748529@2x-1024x577.jpg"},{"@type":"BreadcrumbList","@id":"https:\/\/guidetours.gr\/the-volcano\/#breadcrumb","itemListElement":[{"@type":"ListItem","position":1,"name":"Home","item":"https:\/\/guidetours.gr\/"},{"@type":"ListItem","position":2,"name":"The Volcano"}]},{"@type":"WebSite","@id":"https:\/\/guidetours.gr\/#website","url":"https:\/\/guidetours.gr\/","name":"Guidetours Santorini","description":"Santorini Transfers &amp; Tours by Guide Tours","publisher":{"@id":"https:\/\/guidetours.gr\/#organization"},"potentialAction":[{"@type":"SearchAction","target":{"@type":"EntryPoint","urlTemplate":"https:\/\/guidetours.gr\/?s={search_term_string}"},"query-input":{"@type":"PropertyValueSpecification","valueRequired":true,"valueName":"search_term_string"}}],"inLanguage":"es"},{"@type":"Organization","@id":"https:\/\/guidetours.gr\/#organization","name":"Guidetours Santorini","url":"https:\/\/guidetours.gr\/","logo":{"@type":"ImageObject","inLanguage":"es","@id":"https:\/\/guidetours.gr\/#\/schema\/logo\/image\/","url":"https:\/\/guidetours.gr\/wp-content\/uploads\/2023\/05\/Group-346@2x.png","contentUrl":"https:\/\/guidetours.gr\/wp-content\/uploads\/2023\/05\/Group-346@2x.png","width":184,"height":164,"caption":"Guidetours Santorini"},"image":{"@id":"https:\/\/guidetours.gr\/#\/schema\/logo\/image\/"}}]}},"_links":{"self":[{"href":"https:\/\/guidetours.gr\/es\/wp-json\/wp\/v2\/pages\/137","targetHints":{"allow":["GET"]}}],"collection":[{"href":"https:\/\/guidetours.gr\/es\/wp-json\/wp\/v2\/pages"}],"about":[{"href":"https:\/\/guidetours.gr\/es\/wp-json\/wp\/v2\/types\/page"}],"author":[{"embeddable":true,"href":"https:\/\/guidetours.gr\/es\/wp-json\/wp\/v2\/users\/1"}],"replies":[{"embeddable":true,"href":"https:\/\/guidetours.gr\/es\/wp-json\/wp\/v2\/comments?post=137"}],"version-history":[{"count":82,"href":"https:\/\/guidetours.gr\/es\/wp-json\/wp\/v2\/pages\/137\/revisions"}],"predecessor-version":[{"id":2026,"href":"https:\/\/guidetours.gr\/es\/wp-json\/wp\/v2\/pages\/137\/revisions\/2026"}],"wp:attachment":[{"href":"https:\/\/guidetours.gr\/es\/wp-json\/wp\/v2\/media?parent=137"}],"curies":[{"name":"wp","href":"https:\/\/api.w.org\/{rel}","templated":true}]}}